{"id":178,"date":"2022-10-14T09:48:31","date_gmt":"2022-10-14T07:48:31","guid":{"rendered":"https:\/\/www.josebamartin.es\/?page_id=178"},"modified":"2024-11-20T13:25:35","modified_gmt":"2024-11-20T12:25:35","slug":"sobre-mi","status":"publish","type":"page","link":"https:\/\/www.josebamartin.es\/en\/sobre-mi\/","title":{"rendered":"Sobre m\u00ed"},"content":{"rendered":"<div data-elementor-type=\"wp-page\" data-elementor-id=\"178\" class=\"elementor elementor-178\" data-elementor-post-type=\"page\">\n\t\t\t\t<div class=\"elementor-element elementor-element-4f7b1bc e-con-full e-flex e-con e-parent\" data-id=\"4f7b1bc\" data-element_type=\"container\" data-settings=\"{&quot;background_background&quot;:&quot;classic&quot;}\">\n\t\t<div class=\"elementor-element elementor-element-e3c9d0b e-con-full e-flex e-con e-child\" data-id=\"e3c9d0b\" data-element_type=\"container\" data-settings=\"{&quot;background_background&quot;:&quot;classic&quot;}\">\n\t\t\t\t<\/div>\n\t\t<div class=\"elementor-element elementor-element-aeaa4e0 e-con-full e-flex e-con e-child\" data-id=\"aeaa4e0\" data-element_type=\"container\" data-settings=\"{&quot;background_background&quot;:&quot;classic&quot;}\">\n\t\t<div class=\"elementor-element elementor-element-990ee7a fc-container-equal fc-container-col-boxed fc-container-col-boxed-left e-con-full e-flex elementor-invisible e-con e-child\" data-id=\"990ee7a\" data-element_type=\"container\" data-settings=\"{&quot;animation&quot;:&quot;fadeIn&quot;}\">\n\t\t\t\t<div class=\"elementor-element elementor-element-3395740 elementor-widget elementor-widget-heading\" data-id=\"3395740\" data-element_type=\"widget\" data-widget_type=\"heading.default\">\n\t\t\t\t<div class=\"elementor-widget-container\">\n\t\t\t\t\t<span class=\"elementor-heading-title elementor-size-default\">Sobre m\u00ed<\/span>\t\t\t\t<\/div>\n\t\t\t\t<\/div>\n\t\t\t\t<div class=\"elementor-element elementor-element-4679c9d elementor-widget elementor-widget-heading\" data-id=\"4679c9d\" data-element_type=\"widget\" data-widget_type=\"heading.default\">\n\t\t\t\t<div class=\"elementor-widget-container\">\n\t\t\t\t\t<h2 class=\"elementor-heading-title elementor-size-default\">Una vida dedicada al periodismo local<\/h2>\t\t\t\t<\/div>\n\t\t\t\t<\/div>\n\t\t\t\t<div class=\"elementor-element elementor-element-08763af elementor-widget elementor-widget-text-editor\" data-id=\"08763af\" data-element_type=\"widget\" data-widget_type=\"text-editor.default\">\n\t\t\t\t<div class=\"elementor-widget-container\">\n\t\t\t\t\t\t\t\t\t<p>Soy Joseba Mart\u00edn (Barakaldo, 1980). Desde 2007, vivo en La Rioja, donde desempe\u00f1o mi labor como periodista.<\/p><p>Comenc\u00e9 en la emisora Radio Haro de la Cadena SER, donde trabaj\u00e9 casi una d\u00e9cada. En esta etapa dirig\u00ed Ser Deportivos a nivel regional y realic\u00e9 tareas de redacci\u00f3n, control de sonido, producci\u00f3n, locuci\u00f3n de cu\u00f1as publicitarias y fotograf\u00eda. Ya en 2016, decid\u00ed crear mi propio medio de comunicaci\u00f3n para la Rioja Alta: Haro Digital, del cual soy el responsable.<\/p><p>Soy licenciado en Periodismo por la Universidad del Pa\u00eds Vasco (UPV) y tengo un M\u00e1ster en Periodismo Multimedia de El Correo y UPV-EHU. A lo largo de mi carrera, he colaborado con medios como El Correo, Punto Radio Bilbao y la revista El Karma, entre otros.<\/p>\t\t\t\t\t\t\t\t<\/div>\n\t\t\t\t<\/div>\n\t\t\t\t<\/div>\n\t\t\t\t<\/div>\n\t\t\t\t<\/div>\n\t\t<div class=\"elementor-element elementor-element-148695e e-con-full fc-container-padding e-flex e-con e-parent\" data-id=\"148695e\" data-element_type=\"container\" data-settings=\"{&quot;background_background&quot;:&quot;classic&quot;}\">\n\t\t<div class=\"elementor-element elementor-element-a507eb8 e-flex e-con-boxed e-con e-child\" data-id=\"a507eb8\" data-element_type=\"container\">\n\t\t\t\t\t<div class=\"e-con-inner\">\n\t\t\t\t<div class=\"elementor-element elementor-element-1a0ddf5 elementor-widget elementor-widget-heading\" data-id=\"1a0ddf5\" data-element_type=\"widget\" data-widget_type=\"heading.default\">\n\t\t\t\t<div class=\"elementor-widget-container\">\n\t\t\t\t\t<div class=\"elementor-heading-title elementor-size-default\">No s\u00f3lo periodismo<\/div>\t\t\t\t<\/div>\n\t\t\t\t<\/div>\n\t\t\t\t<div class=\"elementor-element elementor-element-926ee45 elementor-widget elementor-widget-heading\" data-id=\"926ee45\" data-element_type=\"widget\" data-widget_type=\"heading.default\">\n\t\t\t\t<div class=\"elementor-widget-container\">\n\t\t\t\t\t<h2 class=\"elementor-heading-title elementor-size-default\">Una vida  enriquecida por muchas perspectivas<\/h2>\t\t\t\t<\/div>\n\t\t\t\t<\/div>\n\t\t\t\t<div class=\"elementor-element elementor-element-33e0137 elementor-widget elementor-widget-text-editor\" data-id=\"33e0137\" data-element_type=\"widget\" data-widget_type=\"text-editor.default\">\n\t\t\t\t<div class=\"elementor-widget-container\">\n\t\t\t\t\t\t\t\t\t<p>Adem\u00e1s de mi pasi\u00f3n por el periodismo, me encanta el mundo del vino y la gastronom\u00eda, dos pilares de la cultura riojana. Disfruto tambi\u00e9n con el cine y las series, las revistas del motor y la fotograf\u00eda, la m\u00fasica de Hans Zimmer y Bruce Springsteen, aficiones que me permiten explorar nuevas perspectivas. La lectura es otra de mis grandes pasiones, especialmente las novelas polic\u00edacas y de espionaje, de autores como Tom Clancy, John Connolly o Eduardo Mendoza.\u00a0<br \/><br \/>He hecho del periodismo, mi profesi\u00f3n, una forma de vida. Salir a la calle y contar lo que pasa, pero tambi\u00e9n intentar explicar por qu\u00e9 pasa. Siempre he cre\u00eddo que, detr\u00e1s de cada noticia, hay personas con historias que merecen ser tratadas con respeto, solidaridad y un alto sentido de la responsabilidad.<\/p>\t\t\t\t\t\t\t\t<\/div>\n\t\t\t\t<\/div>\n\t\t\t\t\t<\/div>\n\t\t\t\t<\/div>\n\t\t\t\t<\/div>\n\t\t<div class=\"elementor-element elementor-element-27cc227 e-con-full e-flex e-con e-parent\" data-id=\"27cc227\" data-element_type=\"container\">\n\t\t<div class=\"elementor-element elementor-element-a7ed1ac e-grid e-con-full e-con e-child\" data-id=\"a7ed1ac\" data-element_type=\"container\" data-settings=\"{&quot;background_background&quot;:&quot;classic&quot;}\">\n\t\t<div class=\"elementor-element elementor-element-2205bcc e-con-full e-flex e-con e-child\" data-id=\"2205bcc\" data-element_type=\"container\" data-settings=\"{&quot;background_background&quot;:&quot;classic&quot;}\">\n\t\t\t\t<div class=\"elementor-element elementor-element-2885ad1 elementor-widget elementor-widget-heading\" data-id=\"2885ad1\" data-element_type=\"widget\" data-widget_type=\"heading.default\">\n\t\t\t\t<div class=\"elementor-widget-container\">\n\t\t\t\t\t<h3 class=\"elementor-heading-title elementor-size-default\">gabinete de prensa<\/h3>\t\t\t\t<\/div>\n\t\t\t\t<\/div>\n\t\t\t\t<div class=\"elementor-element elementor-element-6c56c38 elementor-widget elementor-widget-text-editor\" data-id=\"6c56c38\" data-element_type=\"widget\" data-widget_type=\"text-editor.default\">\n\t\t\t\t<div class=\"elementor-widget-container\">\n\t\t\t\t\t\t\t\t\t<p>Notas de prensa, organizaci\u00f3n de ruedas de prensa, relaci\u00f3n con medios e instituciones. Comunicados, clipping. Gabinete permanente o para eventos o situaciones concretas de empresas y asociaciones.<\/p>\t\t\t\t\t\t\t\t<\/div>\n\t\t\t\t<\/div>\n\t\t\t\t<\/div>\n\t\t<div class=\"elementor-element elementor-element-dc28953 e-con-full e-flex e-con e-child\" data-id=\"dc28953\" data-element_type=\"container\" data-settings=\"{&quot;background_background&quot;:&quot;classic&quot;}\">\n\t\t\t\t<div class=\"elementor-element elementor-element-1d27bde elementor-widget elementor-widget-heading\" data-id=\"1d27bde\" data-element_type=\"widget\" data-widget_type=\"heading.default\">\n\t\t\t\t<div class=\"elementor-widget-container\">\n\t\t\t\t\t<h3 class=\"elementor-heading-title elementor-size-default\">CONSULTOR DE COMUNICACI\u00d3N<\/h3>\t\t\t\t<\/div>\n\t\t\t\t<\/div>\n\t\t\t\t<div class=\"elementor-element elementor-element-f045adb elementor-widget elementor-widget-text-editor\" data-id=\"f045adb\" data-element_type=\"widget\" data-widget_type=\"text-editor.default\">\n\t\t\t\t<div class=\"elementor-widget-container\">\n\t\t\t\t\t\t\t\t\t<p>Asesoramiento a empresas, asociaciones y colectivos sociales en materia de comunicaci\u00f3n. Planes de Redes Sociales, comunicaci\u00f3n de crisis, elaboraci\u00f3n de planes de comunicaci\u00f3n puntuales o sostenidos en el tiempo.<\/p>\t\t\t\t\t\t\t\t<\/div>\n\t\t\t\t<\/div>\n\t\t\t\t<\/div>\n\t\t<div class=\"elementor-element elementor-element-e037be1 e-con-full e-flex e-con e-child\" data-id=\"e037be1\" data-element_type=\"container\" data-settings=\"{&quot;background_background&quot;:&quot;classic&quot;}\">\n\t\t\t\t<div class=\"elementor-element elementor-element-bdb29fa elementor-widget elementor-widget-heading\" data-id=\"bdb29fa\" data-element_type=\"widget\" data-widget_type=\"heading.default\">\n\t\t\t\t<div class=\"elementor-widget-container\">\n\t\t\t\t\t<h3 class=\"elementor-heading-title elementor-size-default\">asesor de medios de comunicaci\u00f3n<\/h3>\t\t\t\t<\/div>\n\t\t\t\t<\/div>\n\t\t\t\t<div class=\"elementor-element elementor-element-ea2117b elementor-widget elementor-widget-text-editor\" data-id=\"ea2117b\" data-element_type=\"widget\" data-widget_type=\"text-editor.default\">\n\t\t\t\t<div class=\"elementor-widget-container\">\n\t\t\t\t\t\t\t\t\t<p>Con m\u00e1s de 8 a\u00f1os de experiencia como director de un medio hiperlocal como Haro Digital, ofrezco mi experiencia, mis casos de \u00e9xito y mi metodolog\u00eda para ayudar a medios similares en su modelo de negocio.<\/p>\t\t\t\t\t\t\t\t<\/div>\n\t\t\t\t<\/div>\n\t\t\t\t<\/div>\n\t\t<div class=\"elementor-element elementor-element-8114bfa e-con-full e-flex e-con e-child\" data-id=\"8114bfa\" data-element_type=\"container\" data-settings=\"{&quot;background_background&quot;:&quot;classic&quot;}\">\n\t\t\t\t<div class=\"elementor-element elementor-element-b58f2d5 elementor-widget elementor-widget-heading\" data-id=\"b58f2d5\" data-element_type=\"widget\" data-widget_type=\"heading.default\">\n\t\t\t\t<div class=\"elementor-widget-container\">\n\t\t\t\t\t<h3 class=\"elementor-heading-title elementor-size-default\">guion y locuci\u00f3n<\/h3>\t\t\t\t<\/div>\n\t\t\t\t<\/div>\n\t\t\t\t<div class=\"elementor-element elementor-element-f2d6ebb elementor-widget elementor-widget-text-editor\" data-id=\"f2d6ebb\" data-element_type=\"widget\" data-widget_type=\"text-editor.default\">\n\t\t\t\t<div class=\"elementor-widget-container\">\n\t\t\t\t\t\t\t\t\t<p>Trabajo de redacci\u00f3n y desarrollo de guiones para campa\u00f1as de publicidad, v\u00eddeos corporattivos y cu\u00f1as radiof\u00f3nicas. Mi experiencia de varios a\u00f1os en la radio me permiten ofrecer un servicio profesional y calidad de locuci\u00f3n.<\/p>\t\t\t\t\t\t\t\t<\/div>\n\t\t\t\t<\/div>\n\t\t\t\t<\/div>\n\t\t\t\t<\/div>\n\t\t\t\t<\/div>\n\t\t\t\t<\/div>","protected":false},"excerpt":{"rendered":"<p>Sobre m\u00ed Una vida dedicada al periodismo local Soy Joseba Mart\u00edn (Barakaldo, 1980). Desde 2007, vivo en La Rioja, donde desempe\u00f1o mi labor como periodista. Comenc\u00e9 en la emisora Radio Haro de la Cadena SER, donde trabaj\u00e9 casi una d\u00e9cada. En esta etapa dirig\u00ed Ser Deportivos a nivel regional y realic\u00e9 tareas de redacci\u00f3n, control [&hellip;]<\/p>","protected":false},"author":1,"featured_media":0,"parent":0,"menu_order":3,"comment_status":"closed","ping_status":"closed","template":"","meta":{"_acf_changed":false,"footnotes":""},"class_list":["post-178","page","type-page","status-publish","hentry"],"acf":[],"_links":{"self":[{"href":"https:\/\/www.josebamartin.es\/en\/wp-json\/wp\/v2\/pages\/178","targetHints":{"allow":["GET"]}}],"collection":[{"href":"https:\/\/www.josebamartin.es\/en\/wp-json\/wp\/v2\/pages"}],"about":[{"href":"https:\/\/www.josebamartin.es\/en\/wp-json\/wp\/v2\/types\/page"}],"author":[{"embeddable":true,"href":"https:\/\/www.josebamartin.es\/en\/wp-json\/wp\/v2\/users\/1"}],"replies":[{"embeddable":true,"href":"https:\/\/www.josebamartin.es\/en\/wp-json\/wp\/v2\/comments?post=178"}],"version-history":[{"count":7,"href":"https:\/\/www.josebamartin.es\/en\/wp-json\/wp\/v2\/pages\/178\/revisions"}],"predecessor-version":[{"id":2048,"href":"https:\/\/www.josebamartin.es\/en\/wp-json\/wp\/v2\/pages\/178\/revisions\/2048"}],"wp:attachment":[{"href":"https:\/\/www.josebamartin.es\/en\/wp-json\/wp\/v2\/media?parent=178"}],"curies":[{"name":"wp","href":"https:\/\/api.w.org\/{rel}","templated":true}]}}