{"id":42,"date":"2022-08-18T10:55:54","date_gmt":"2022-08-18T08:55:54","guid":{"rendered":"https:\/\/www.josebamartin.es\/?page_id=42"},"modified":"2025-11-11T11:39:37","modified_gmt":"2025-11-11T10:39:37","slug":"inicio","status":"publish","type":"page","link":"https:\/\/www.josebamartin.es\/en\/","title":{"rendered":"Inicio"},"content":{"rendered":"<div data-elementor-type=\"wp-page\" data-elementor-id=\"42\" class=\"elementor elementor-42\" data-elementor-post-type=\"page\">\n\t\t\t\t<div class=\"elementor-element elementor-element-f7e069a e-con-full e-flex e-con e-parent\" data-id=\"f7e069a\" data-element_type=\"container\">\n\t\t<div class=\"elementor-element elementor-element-0f861dd fc-container-padding e-flex e-con-boxed elementor-invisible e-con e-child\" data-id=\"0f861dd\" data-element_type=\"container\" data-settings=\"{&quot;animation&quot;:&quot;fadeIn&quot;,&quot;animation_delay&quot;:800}\">\n\t\t\t\t\t<div class=\"e-con-inner\">\n\t\t\t\t<div class=\"elementor-element elementor-element-2dac401 elementor-widget elementor-widget-heading\" data-id=\"2dac401\" data-element_type=\"widget\" data-widget_type=\"heading.default\">\n\t\t\t\t<div class=\"elementor-widget-container\">\n\t\t\t\t\t<h1 class=\"elementor-heading-title elementor-size-default\">Comunica de cerca<\/h1>\t\t\t\t<\/div>\n\t\t\t\t<\/div>\n\t\t\t\t<div class=\"elementor-element elementor-element-ae016ea elementor-widget elementor-widget-heading\" data-id=\"ae016ea\" data-element_type=\"widget\" data-widget_type=\"heading.default\">\n\t\t\t\t<div class=\"elementor-widget-container\">\n\t\t\t\t\t<div class=\"elementor-heading-title elementor-size-default\">\"Tenemos una \u00faltima oportunidad de hacerlo realidad, de cambiar estas alas por unas ruedas\"<\/div>\t\t\t\t<\/div>\n\t\t\t\t<\/div>\n\t\t\t\t<div class=\"elementor-element elementor-element-f246c2a elementor-widget elementor-widget-heading\" data-id=\"f246c2a\" data-element_type=\"widget\" data-widget_type=\"heading.default\">\n\t\t\t\t<div class=\"elementor-widget-container\">\n\t\t\t\t\t<p class=\"elementor-heading-title elementor-size-default\">Bruce Springsteen<\/p>\t\t\t\t<\/div>\n\t\t\t\t<\/div>\n\t\t\t\t\t<\/div>\n\t\t\t\t<\/div>\n\t\t\t\t<\/div>\n\t\t<div class=\"elementor-element elementor-element-eae3592 e-con-full fc-container-padding e-flex e-con e-parent\" data-id=\"eae3592\" data-element_type=\"container\" data-settings=\"{&quot;background_background&quot;:&quot;classic&quot;}\">\n\t\t<div class=\"elementor-element elementor-element-ea59836 e-flex e-con-boxed e-con e-child\" data-id=\"ea59836\" data-element_type=\"container\">\n\t\t\t\t\t<div class=\"e-con-inner\">\n\t\t<div class=\"elementor-element elementor-element-ee68f3d fc-container-col e-flex e-con-boxed e-con e-child\" data-id=\"ee68f3d\" data-element_type=\"container\" data-settings=\"{&quot;motion_fx_motion_fx_scrolling&quot;:&quot;yes&quot;,&quot;motion_fx_translateY_effect&quot;:&quot;yes&quot;,&quot;motion_fx_devices&quot;:[&quot;widescreen&quot;,&quot;desktop&quot;,&quot;laptop&quot;],&quot;motion_fx_translateY_speed&quot;:{&quot;unit&quot;:&quot;px&quot;,&quot;size&quot;:4,&quot;sizes&quot;:[]},&quot;motion_fx_translateY_affectedRange&quot;:{&quot;unit&quot;:&quot;%&quot;,&quot;size&quot;:&quot;&quot;,&quot;sizes&quot;:{&quot;start&quot;:0,&quot;end&quot;:100}}}\">\n\t\t\t\t\t<div class=\"e-con-inner\">\n\t\t\t\t<div class=\"elementor-element elementor-element-b8e1ef7 elementor-widget elementor-widget-heading\" data-id=\"b8e1ef7\" data-element_type=\"widget\" data-widget_type=\"heading.default\">\n\t\t\t\t<div class=\"elementor-widget-container\">\n\t\t\t\t\t<div class=\"elementor-heading-title elementor-size-default\">Joseba Martin<\/div>\t\t\t\t<\/div>\n\t\t\t\t<\/div>\n\t\t\t\t<div class=\"elementor-element elementor-element-9f2b8d9 elementor-widget elementor-widget-heading\" data-id=\"9f2b8d9\" data-element_type=\"widget\" data-widget_type=\"heading.default\">\n\t\t\t\t<div class=\"elementor-widget-container\">\n\t\t\t\t\t<h2 class=\"elementor-heading-title elementor-size-default\">El periodismo de cerca como forma&nbsp;de&nbsp;vida<\/h2>\t\t\t\t<\/div>\n\t\t\t\t<\/div>\n\t\t\t\t<div class=\"elementor-element elementor-element-b2ba6d2 elementor-widget elementor-widget-text-editor\" data-id=\"b2ba6d2\" data-element_type=\"widget\" data-widget_type=\"text-editor.default\">\n\t\t\t\t<div class=\"elementor-widget-container\">\n\t\t\t\t\t\t\t\t\t<p>Joseba Mart\u00edn es periodista en La Rioja y fundador de Haro Digital. Con experiencia en radio y prensa, es licenciado y M\u00e1ster en Periodismo Multimedia.<\/p>\t\t\t\t\t\t\t\t<\/div>\n\t\t\t\t<\/div>\n\t\t<div class=\"elementor-element elementor-element-5c8cc61 e-con-full e-flex e-con e-child\" data-id=\"5c8cc61\" data-element_type=\"container\">\n\t\t\t\t<div class=\"elementor-element elementor-element-a2e7174 elementor-widget__width-auto elementor-widget elementor-widget-button\" data-id=\"a2e7174\" data-element_type=\"widget\" data-widget_type=\"button.default\">\n\t\t\t\t<div class=\"elementor-widget-container\">\n\t\t\t\t\t\t\t\t\t<div class=\"elementor-button-wrapper\">\n\t\t\t\t\t<a class=\"elementor-button elementor-button-link elementor-size-sm\" href=\"https:\/\/www.josebamartin.es\/en\/sobre-mi\/\">\n\t\t\t\t\t\t<span class=\"elementor-button-content-wrapper\">\n\t\t\t\t\t\t\t\t\t<span class=\"elementor-button-text\">Sobre m\u00ed<\/span>\n\t\t\t\t\t<\/span>\n\t\t\t\t\t<\/a>\n\t\t\t\t<\/div>\n\t\t\t\t\t\t\t\t<\/div>\n\t\t\t\t<\/div>\n\t\t\t\t<\/div>\n\t\t\t\t\t<\/div>\n\t\t\t\t<\/div>\n\t\t<div class=\"elementor-element elementor-element-545ccbd fc-container-col e-flex e-con-boxed e-con e-child\" data-id=\"545ccbd\" data-element_type=\"container\">\n\t\t\t\t\t<div class=\"e-con-inner\">\n\t\t\t\t<div class=\"elementor-element elementor-element-24589f0 elementor-widget elementor-widget-image\" data-id=\"24589f0\" data-element_type=\"widget\" data-widget_type=\"image.default\">\n\t\t\t\t<div class=\"elementor-widget-container\">\n\t\t\t\t\t\t\t\t\t\t\t\t\t\t\t<img fetchpriority=\"high\" decoding=\"async\" width=\"800\" height=\"533\" src=\"https:\/\/www.josebamartin.es\/wp-content\/uploads\/2024\/11\/jm-josebamartin-mirando-paisaje.jpg\" class=\"attachment-large size-large wp-image-1868\" alt=\"Jm Josebamartin Mirando Paisaje\" srcset=\"https:\/\/www.josebamartin.es\/wp-content\/uploads\/2024\/11\/jm-josebamartin-mirando-paisaje.jpg 960w, https:\/\/www.josebamartin.es\/wp-content\/uploads\/2024\/11\/jm-josebamartin-mirando-paisaje-300x200.jpg 300w, https:\/\/www.josebamartin.es\/wp-content\/uploads\/2024\/11\/jm-josebamartin-mirando-paisaje-768x512.jpg 768w, https:\/\/www.josebamartin.es\/wp-content\/uploads\/2024\/11\/jm-josebamartin-mirando-paisaje-18x12.jpg 18w\" sizes=\"(max-width: 800px) 100vw, 800px\" \/>\t\t\t\t\t\t\t\t\t\t\t\t\t\t\t<\/div>\n\t\t\t\t<\/div>\n\t\t\t\t\t<\/div>\n\t\t\t\t<\/div>\n\t\t\t\t\t<\/div>\n\t\t\t\t<\/div>\n\t\t\t\t<\/div>\n\t\t<div class=\"elementor-element elementor-element-c645827 e-con-full fc-container-padding e-flex e-con e-parent\" data-id=\"c645827\" data-element_type=\"container\" data-settings=\"{&quot;background_background&quot;:&quot;classic&quot;}\">\n\t\t<div class=\"elementor-element elementor-element-cda0840 e-flex e-con-boxed e-con e-child\" data-id=\"cda0840\" data-element_type=\"container\">\n\t\t\t\t\t<div class=\"e-con-inner\">\n\t\t<div class=\"elementor-element elementor-element-7a6dd2e fc-container-col e-flex e-con-boxed e-con e-child\" data-id=\"7a6dd2e\" data-element_type=\"container\" data-settings=\"{&quot;motion_fx_motion_fx_scrolling&quot;:&quot;yes&quot;,&quot;motion_fx_translateY_effect&quot;:&quot;yes&quot;,&quot;motion_fx_devices&quot;:[&quot;widescreen&quot;,&quot;desktop&quot;,&quot;laptop&quot;],&quot;motion_fx_translateY_speed&quot;:{&quot;unit&quot;:&quot;px&quot;,&quot;size&quot;:4,&quot;sizes&quot;:[]},&quot;motion_fx_translateY_affectedRange&quot;:{&quot;unit&quot;:&quot;%&quot;,&quot;size&quot;:&quot;&quot;,&quot;sizes&quot;:{&quot;start&quot;:0,&quot;end&quot;:100}}}\">\n\t\t\t\t\t<div class=\"e-con-inner\">\n\t\t\t\t<div class=\"elementor-element elementor-element-3f6cb51 elementor-widget elementor-widget-heading\" data-id=\"3f6cb51\" data-element_type=\"widget\" data-widget_type=\"heading.default\">\n\t\t\t\t<div class=\"elementor-widget-container\">\n\t\t\t\t\t<div class=\"elementor-heading-title elementor-size-default\">Periodismo hiperlocal<\/div>\t\t\t\t<\/div>\n\t\t\t\t<\/div>\n\t\t\t\t<div class=\"elementor-element elementor-element-a591a5c elementor-widget elementor-widget-heading\" data-id=\"a591a5c\" data-element_type=\"widget\" data-widget_type=\"heading.default\">\n\t\t\t\t<div class=\"elementor-widget-container\">\n\t\t\t\t\t<h2 class=\"elementor-heading-title elementor-size-default\">El valor de contar cosas peque\u00f1as<\/h2>\t\t\t\t<\/div>\n\t\t\t\t<\/div>\n\t\t\t\t<div class=\"elementor-element elementor-element-ac07106 elementor-widget elementor-widget-text-editor\" data-id=\"ac07106\" data-element_type=\"widget\" data-widget_type=\"text-editor.default\">\n\t\t\t\t<div class=\"elementor-widget-container\">\n\t\t\t\t\t\t\t\t\t<p>El periodismo hiperlocal se centra en dar cobertura a comunidades peque\u00f1as, barrios o localidades espec\u00edficas, ofreciendo una perspectiva cercana, hablando directamente con la gente y contando lo que de verdad les importa.\u00a0<br \/><br \/>Su valor est\u00e1 en comunicar con cercan\u00eda, creando un v\u00ednculo directo con la gente y dando voz a historias peque\u00f1as que suelen quedarse fuera de los grandes medios. Adem\u00e1s de informar, el objetivo es crear un v\u00ednculo real con los vecinos, d\u00e1ndoles voz y reforzando ese sentido de comunidad y de pertenencia a un lugar.\u00a0<\/p>\t\t\t\t\t\t\t\t<\/div>\n\t\t\t\t<\/div>\n\t\t<div class=\"elementor-element elementor-element-93a3ed3 e-flex e-con-boxed e-con e-child\" data-id=\"93a3ed3\" data-element_type=\"container\">\n\t\t\t\t\t<div class=\"e-con-inner\">\n\t\t\t\t<div class=\"elementor-element elementor-element-92cd655 elementor-widget__width-auto elementor-widget elementor-widget-button\" data-id=\"92cd655\" data-element_type=\"widget\" data-widget_type=\"button.default\">\n\t\t\t\t<div class=\"elementor-widget-container\">\n\t\t\t\t\t\t\t\t\t<div class=\"elementor-button-wrapper\">\n\t\t\t\t\t<a class=\"elementor-button elementor-button-link elementor-size-sm\" href=\"https:\/\/www.josebamartin.es\/en\/sobre-mi\/\">\n\t\t\t\t\t\t<span class=\"elementor-button-content-wrapper\">\n\t\t\t\t\t\t\t\t\t<span class=\"elementor-button-text\">Ac\u00e9rcate<\/span>\n\t\t\t\t\t<\/span>\n\t\t\t\t\t<\/a>\n\t\t\t\t<\/div>\n\t\t\t\t\t\t\t\t<\/div>\n\t\t\t\t<\/div>\n\t\t\t\t\t<\/div>\n\t\t\t\t<\/div>\n\t\t\t\t\t<\/div>\n\t\t\t\t<\/div>\n\t\t<div class=\"elementor-element elementor-element-452fc08 fc-container-col e-flex e-con-boxed e-con e-child\" data-id=\"452fc08\" data-element_type=\"container\">\n\t\t\t\t\t<div class=\"e-con-inner\">\n\t\t\t\t<div class=\"elementor-element elementor-element-afb809e elementor-widget elementor-widget-image\" data-id=\"afb809e\" data-element_type=\"widget\" data-widget_type=\"image.default\">\n\t\t\t\t<div class=\"elementor-widget-container\">\n\t\t\t\t\t\t\t\t\t\t\t\t\t\t\t<img decoding=\"async\" width=\"960\" height=\"1446\" src=\"https:\/\/www.josebamartin.es\/wp-content\/uploads\/2024\/11\/jm-hombre-leyendo-periodico.jpg\" class=\"attachment-full size-full wp-image-1961\" alt=\"Jm Hombre Leyendo Periodico\" srcset=\"https:\/\/www.josebamartin.es\/wp-content\/uploads\/2024\/11\/jm-hombre-leyendo-periodico.jpg 960w, https:\/\/www.josebamartin.es\/wp-content\/uploads\/2024\/11\/jm-hombre-leyendo-periodico-199x300.jpg 199w, https:\/\/www.josebamartin.es\/wp-content\/uploads\/2024\/11\/jm-hombre-leyendo-periodico-680x1024.jpg 680w, https:\/\/www.josebamartin.es\/wp-content\/uploads\/2024\/11\/jm-hombre-leyendo-periodico-768x1157.jpg 768w, https:\/\/www.josebamartin.es\/wp-content\/uploads\/2024\/11\/jm-hombre-leyendo-periodico-8x12.jpg 8w\" sizes=\"(max-width: 960px) 100vw, 960px\" \/>\t\t\t\t\t\t\t\t\t\t\t\t\t\t\t<\/div>\n\t\t\t\t<\/div>\n\t\t\t\t\t<\/div>\n\t\t\t\t<\/div>\n\t\t\t\t\t<\/div>\n\t\t\t\t<\/div>\n\t\t\t\t<\/div>\n\t\t<div class=\"elementor-element elementor-element-d28c55a e-con-full fc-container-padding e-flex e-con e-parent\" data-id=\"d28c55a\" data-element_type=\"container\" data-settings=\"{&quot;background_background&quot;:&quot;classic&quot;}\">\n\t\t<div class=\"elementor-element elementor-element-22715ac e-flex e-con-boxed e-con e-child\" data-id=\"22715ac\" data-element_type=\"container\">\n\t\t\t\t\t<div class=\"e-con-inner\">\n\t\t\t\t<div class=\"elementor-element elementor-element-6b7dfb3 elementor-widget elementor-widget-heading\" data-id=\"6b7dfb3\" data-element_type=\"widget\" data-widget_type=\"heading.default\">\n\t\t\t\t<div class=\"elementor-widget-container\">\n\t\t\t\t\t<h2 class=\"elementor-heading-title elementor-size-default\">Servicios<\/h2>\t\t\t\t<\/div>\n\t\t\t\t<\/div>\n\t\t<div class=\"elementor-element elementor-element-e439af5 e-flex e-con-boxed e-con e-child\" data-id=\"e439af5\" data-element_type=\"container\">\n\t\t\t\t\t<div class=\"e-con-inner\">\n\t\t<div class=\"elementor-element elementor-element-46867d9 e-flex e-con-boxed elementor-invisible e-con e-child\" data-id=\"46867d9\" data-element_type=\"container\" data-settings=\"{&quot;animation&quot;:&quot;fadeIn&quot;}\">\n\t\t\t\t\t<div class=\"e-con-inner\">\n\t\t<div class=\"elementor-element elementor-element-6421e98 e-con-full e-flex e-con e-child\" data-id=\"6421e98\" data-element_type=\"container\">\n\t\t\t\t<div class=\"elementor-element elementor-element-a9bb291 elementor-view-default elementor-widget elementor-widget-icon\" data-id=\"a9bb291\" data-element_type=\"widget\" data-widget_type=\"icon.default\">\n\t\t\t\t<div class=\"elementor-widget-container\">\n\t\t\t\t\t\t\t<div class=\"elementor-icon-wrapper\">\n\t\t\t<div class=\"elementor-icon\">\n\t\t\t<i aria-hidden=\"true\" class=\"far fa-check-circle\"><\/i>\t\t\t<\/div>\n\t\t<\/div>\n\t\t\t\t\t\t<\/div>\n\t\t\t\t<\/div>\n\t\t\t\t<div class=\"elementor-element elementor-element-c196da1 elementor-widget elementor-widget-heading\" data-id=\"c196da1\" data-element_type=\"widget\" data-widget_type=\"heading.default\">\n\t\t\t\t<div class=\"elementor-widget-container\">\n\t\t\t\t\t<h3 class=\"elementor-heading-title elementor-size-default\">gabinete de prensa<\/h3>\t\t\t\t<\/div>\n\t\t\t\t<\/div>\n\t\t\t\t<div class=\"elementor-element elementor-element-e98a417 elementor-widget elementor-widget-text-editor\" data-id=\"e98a417\" data-element_type=\"widget\" data-widget_type=\"text-editor.default\">\n\t\t\t\t<div class=\"elementor-widget-container\">\n\t\t\t\t\t\t\t\t\t<p>Trabajo diario de comunicaci\u00f3n para empresas.<\/p>\t\t\t\t\t\t\t\t<\/div>\n\t\t\t\t<\/div>\n\t\t\t\t<\/div>\n\t\t<div class=\"elementor-element elementor-element-2de44b6 e-con-full e-flex e-con e-child\" data-id=\"2de44b6\" data-element_type=\"container\">\n\t\t\t\t<div class=\"elementor-element elementor-element-e2975f2 elementor-view-default elementor-widget elementor-widget-icon\" data-id=\"e2975f2\" data-element_type=\"widget\" data-widget_type=\"icon.default\">\n\t\t\t\t<div class=\"elementor-widget-container\">\n\t\t\t\t\t\t\t<div class=\"elementor-icon-wrapper\">\n\t\t\t<div class=\"elementor-icon\">\n\t\t\t<i aria-hidden=\"true\" class=\"far fa-check-circle\"><\/i>\t\t\t<\/div>\n\t\t<\/div>\n\t\t\t\t\t\t<\/div>\n\t\t\t\t<\/div>\n\t\t\t\t<div class=\"elementor-element elementor-element-b6a8daf elementor-widget elementor-widget-heading\" data-id=\"b6a8daf\" data-element_type=\"widget\" data-widget_type=\"heading.default\">\n\t\t\t\t<div class=\"elementor-widget-container\">\n\t\t\t\t\t<h3 class=\"elementor-heading-title elementor-size-default\">CONSULTOR DE COMUNICACI\u00d3N<\/h3>\t\t\t\t<\/div>\n\t\t\t\t<\/div>\n\t\t\t\t<div class=\"elementor-element elementor-element-983c43a elementor-widget elementor-widget-text-editor\" data-id=\"983c43a\" data-element_type=\"widget\" data-widget_type=\"text-editor.default\">\n\t\t\t\t<div class=\"elementor-widget-container\">\n\t\t\t\t\t\t\t\t\t<p>Asesoramiento a empresas en su estrategia de comunicaci\u00f3n.<\/p>\t\t\t\t\t\t\t\t<\/div>\n\t\t\t\t<\/div>\n\t\t\t\t<\/div>\n\t\t<div class=\"elementor-element elementor-element-d374aef e-con-full e-flex e-con e-child\" data-id=\"d374aef\" data-element_type=\"container\">\n\t\t\t\t<div class=\"elementor-element elementor-element-1dc6fda elementor-view-default elementor-widget elementor-widget-icon\" data-id=\"1dc6fda\" data-element_type=\"widget\" data-widget_type=\"icon.default\">\n\t\t\t\t<div class=\"elementor-widget-container\">\n\t\t\t\t\t\t\t<div class=\"elementor-icon-wrapper\">\n\t\t\t<div class=\"elementor-icon\">\n\t\t\t<i aria-hidden=\"true\" class=\"far fa-check-circle\"><\/i>\t\t\t<\/div>\n\t\t<\/div>\n\t\t\t\t\t\t<\/div>\n\t\t\t\t<\/div>\n\t\t\t\t<div class=\"elementor-element elementor-element-c308bc1 elementor-widget elementor-widget-heading\" data-id=\"c308bc1\" data-element_type=\"widget\" data-widget_type=\"heading.default\">\n\t\t\t\t<div class=\"elementor-widget-container\">\n\t\t\t\t\t<h3 class=\"elementor-heading-title elementor-size-default\">asesor de medios de comunicaci\u00f3n<\/h3>\t\t\t\t<\/div>\n\t\t\t\t<\/div>\n\t\t\t\t<div class=\"elementor-element elementor-element-f3beeb5 elementor-widget elementor-widget-text-editor\" data-id=\"f3beeb5\" data-element_type=\"widget\" data-widget_type=\"text-editor.default\">\n\t\t\t\t<div class=\"elementor-widget-container\">\n\t\t\t\t\t\t\t\t\t<p>Ayudar a medios similares\u00a0 en su modelo de negocio.<\/p>\t\t\t\t\t\t\t\t<\/div>\n\t\t\t\t<\/div>\n\t\t\t\t<\/div>\n\t\t<div class=\"elementor-element elementor-element-83fb4c7 e-con-full e-flex e-con e-child\" data-id=\"83fb4c7\" data-element_type=\"container\">\n\t\t\t\t<div class=\"elementor-element elementor-element-d0a8cc5 elementor-view-default elementor-widget elementor-widget-icon\" data-id=\"d0a8cc5\" data-element_type=\"widget\" data-widget_type=\"icon.default\">\n\t\t\t\t<div class=\"elementor-widget-container\">\n\t\t\t\t\t\t\t<div class=\"elementor-icon-wrapper\">\n\t\t\t<div class=\"elementor-icon\">\n\t\t\t<i aria-hidden=\"true\" class=\"far fa-check-circle\"><\/i>\t\t\t<\/div>\n\t\t<\/div>\n\t\t\t\t\t\t<\/div>\n\t\t\t\t<\/div>\n\t\t\t\t<div class=\"elementor-element elementor-element-1f3e0e9 elementor-widget elementor-widget-heading\" data-id=\"1f3e0e9\" data-element_type=\"widget\" data-widget_type=\"heading.default\">\n\t\t\t\t<div class=\"elementor-widget-container\">\n\t\t\t\t\t<h3 class=\"elementor-heading-title elementor-size-default\">guion y locuci\u00f3n<\/h3>\t\t\t\t<\/div>\n\t\t\t\t<\/div>\n\t\t\t\t<div class=\"elementor-element elementor-element-8e14764 elementor-widget elementor-widget-text-editor\" data-id=\"8e14764\" data-element_type=\"widget\" data-widget_type=\"text-editor.default\">\n\t\t\t\t<div class=\"elementor-widget-container\">\n\t\t\t\t\t\t\t\t\t<p>Escribir y locutar guiones para empresas.\u00a0<\/p>\t\t\t\t\t\t\t\t<\/div>\n\t\t\t\t<\/div>\n\t\t\t\t<\/div>\n\t\t\t\t\t<\/div>\n\t\t\t\t<\/div>\n\t\t<div class=\"elementor-element elementor-element-79ffdc6 e-con-full e-flex e-con e-child\" data-id=\"79ffdc6\" data-element_type=\"container\">\n\t\t\t\t<div class=\"elementor-element elementor-element-b2bd41b elementor-widget__width-auto elementor-widget elementor-widget-button\" data-id=\"b2bd41b\" data-element_type=\"widget\" data-widget_type=\"button.default\">\n\t\t\t\t<div class=\"elementor-widget-container\">\n\t\t\t\t\t\t\t\t\t<div class=\"elementor-button-wrapper\">\n\t\t\t\t\t<a class=\"elementor-button elementor-button-link elementor-size-sm\" href=\"https:\/\/www.josebamartin.es\/en\/sobre-mi\/\">\n\t\t\t\t\t\t<span class=\"elementor-button-content-wrapper\">\n\t\t\t\t\t\t\t\t\t<span class=\"elementor-button-text\">M\u00e1s informaci\u00f3n<\/span>\n\t\t\t\t\t<\/span>\n\t\t\t\t\t<\/a>\n\t\t\t\t<\/div>\n\t\t\t\t\t\t\t\t<\/div>\n\t\t\t\t<\/div>\n\t\t\t\t<\/div>\n\t\t\t\t\t<\/div>\n\t\t\t\t<\/div>\n\t\t\t\t\t<\/div>\n\t\t\t\t<\/div>\n\t\t\t\t<\/div>\n\t\t<div class=\"elementor-element elementor-element-cf991e1 e-flex e-con-boxed e-con e-parent\" data-id=\"cf991e1\" data-element_type=\"container\" data-settings=\"{&quot;background_background&quot;:&quot;classic&quot;}\">\n\t\t\t\t\t<div class=\"e-con-inner\">\n\t\t\t\t\t<\/div>\n\t\t\t\t<\/div>\n\t\t\t\t<\/div>","protected":false},"excerpt":{"rendered":"<p>Comunica de cerca \u00abTenemos una \u00faltima oportunidad de hacerlo realidad, de cambiar estas alas por unas ruedas\u00bb Bruce Springsteen Joseba Martin El periodismo de cerca como forma&nbsp;de&nbsp;vida Joseba Mart\u00edn es periodista en La Rioja y fundador de Haro Digital. Con experiencia en radio y prensa, es licenciado y M\u00e1ster en Periodismo Multimedia. Sobre m\u00ed Periodismo [&hellip;]<\/p>","protected":false},"author":1,"featured_media":1766,"parent":0,"menu_order":2,"comment_status":"closed","ping_status":"closed","template":"","meta":{"_acf_changed":false,"footnotes":""},"class_list":["post-42","page","type-page","status-publish","has-post-thumbnail","hentry"],"acf":[],"_links":{"self":[{"href":"https:\/\/www.josebamartin.es\/en\/wp-json\/wp\/v2\/pages\/42","targetHints":{"allow":["GET"]}}],"collection":[{"href":"https:\/\/www.josebamartin.es\/en\/wp-json\/wp\/v2\/pages"}],"about":[{"href":"https:\/\/www.josebamartin.es\/en\/wp-json\/wp\/v2\/types\/page"}],"author":[{"embeddable":true,"href":"https:\/\/www.josebamartin.es\/en\/wp-json\/wp\/v2\/users\/1"}],"replies":[{"embeddable":true,"href":"https:\/\/www.josebamartin.es\/en\/wp-json\/wp\/v2\/comments?post=42"}],"version-history":[{"count":9,"href":"https:\/\/www.josebamartin.es\/en\/wp-json\/wp\/v2\/pages\/42\/revisions"}],"predecessor-version":[{"id":2062,"href":"https:\/\/www.josebamartin.es\/en\/wp-json\/wp\/v2\/pages\/42\/revisions\/2062"}],"wp:featuredmedia":[{"embeddable":true,"href":"https:\/\/www.josebamartin.es\/en\/wp-json\/wp\/v2\/media\/1766"}],"wp:attachment":[{"href":"https:\/\/www.josebamartin.es\/en\/wp-json\/wp\/v2\/media?parent=42"}],"curies":[{"name":"wp","href":"https:\/\/api.w.org\/{rel}","templated":true}]}}